{"id":28,"date":"2020-01-17T15:26:04","date_gmt":"2020-01-17T15:26:04","guid":{"rendered":"https:\/\/demo.themeisle.com\/neve-web-agency\/?page_id=28"},"modified":"2021-09-14T19:32:54","modified_gmt":"2021-09-14T16:32:54","slug":"300f0-about","status":"publish","type":"page","link":"http:\/\/www.akupainallus.fi\/?page_id=28","title":{"rendered":"Kouluttaja"},"content":{"rendered":"\t\t<div data-elementor-type=\"wp-page\" data-elementor-id=\"28\" class=\"elementor elementor-28\">\n\t\t\t\t\t\t\t\t\t<section class=\"elementor-section elementor-top-section elementor-element elementor-element-4289a2a elementor-section-stretched elementor-section-boxed elementor-section-height-default elementor-section-height-default\" data-id=\"4289a2a\" data-element_type=\"section\" data-settings=\"{&quot;background_background&quot;:&quot;gradient&quot;,&quot;stretch_section&quot;:&quot;section-stretched&quot;}\">\n\t\t\t\t\t\t<div class=\"elementor-container elementor-column-gap-default\">\n\t\t\t\t\t<div class=\"elementor-column elementor-col-50 elementor-top-column elementor-element elementor-element-180b719\" data-id=\"180b719\" data-element_type=\"column\">\n\t\t\t<div class=\"elementor-widget-wrap elementor-element-populated\">\n\t\t\t\t\t\t\t\t<div class=\"elementor-element elementor-element-9c76e5e elementor-widget elementor-widget-image\" data-id=\"9c76e5e\" data-element_type=\"widget\" data-widget_type=\"image.default\">\n\t\t\t\t<div class=\"elementor-widget-container\">\n\t\t\t\t\t\t\t\t\t\t\t\t\t\t\t<img fetchpriority=\"high\" decoding=\"async\" width=\"525\" height=\"295\" src=\"http:\/\/www.akupainallus.fi\/wp-content\/uploads\/2020\/03\/rami-1024x576.jpg\" class=\"attachment-large size-large wp-image-300\" alt=\"\" srcset=\"http:\/\/www.akupainallus.fi\/wp-content\/uploads\/2020\/03\/rami-1024x576.jpg 1024w, http:\/\/www.akupainallus.fi\/wp-content\/uploads\/2020\/03\/rami-300x169.jpg 300w, http:\/\/www.akupainallus.fi\/wp-content\/uploads\/2020\/03\/rami-768x432.jpg 768w, http:\/\/www.akupainallus.fi\/wp-content\/uploads\/2020\/03\/rami.jpg 1280w\" sizes=\"100vw\" \/>\t\t\t\t\t\t\t\t\t\t\t\t\t\t\t<\/div>\n\t\t\t\t<\/div>\n\t\t\t\t<div class=\"elementor-element elementor-element-3d10f42 elementor-widget elementor-widget-text-editor\" data-id=\"3d10f42\" data-element_type=\"widget\" data-widget_type=\"text-editor.default\">\n\t\t\t\t<div class=\"elementor-widget-container\">\n\t\t\t\t\t\t\t<p><span style=\"color: #262424;\"><b><i style=\"\">Grandmaster<\/i><i style=\"\"> Rami Vainionp\u00e4\u00e4<\/i><\/b><br><\/span><em style=\"color: #262424;\">9. dan Korean Sin Moo Hapkido<br><\/em><em style=\"color: #262424;\">5. dan Philippines Kombatan<br><\/em><em><span style=\"color: #262424;\">Hyol Do Bup consept developer<br><\/span><\/em><em><b>Founder of Akupressuuri &#8211; Acupressure and meridian therapy education<\/b><\/em><\/p>\t\t\t\t\t\t<\/div>\n\t\t\t\t<\/div>\n\t\t\t\t\t<\/div>\n\t\t<\/div>\n\t\t\t\t<div class=\"elementor-column elementor-col-50 elementor-top-column elementor-element elementor-element-b10cbf9\" data-id=\"b10cbf9\" data-element_type=\"column\">\n\t\t\t<div class=\"elementor-widget-wrap elementor-element-populated\">\n\t\t\t\t\t\t\t\t<div class=\"elementor-element elementor-element-291533d elementor-widget elementor-widget-heading\" data-id=\"291533d\" data-element_type=\"widget\" data-widget_type=\"heading.default\">\n\t\t\t\t<div class=\"elementor-widget-container\">\n\t\t\t<h3 class=\"elementor-heading-title elementor-size-default\"><i>KONSEPTIN KEHITT\u00c4J\u00c4<\/i><\/h3>\t\t<\/div>\n\t\t\t\t<\/div>\n\t\t\t\t<div class=\"elementor-element elementor-element-e479d2f elementor-widget elementor-widget-text-editor\" data-id=\"e479d2f\" data-element_type=\"widget\" data-widget_type=\"text-editor.default\">\n\t\t\t\t<div class=\"elementor-widget-container\">\n\t\t\t\t\t\t\t\t\t\t\t\t\t<\/div>\n\t\t\t\t<\/div>\n\t\t\t\t<div class=\"elementor-element elementor-element-5e04df4 elementor-widget elementor-widget-text-editor\" data-id=\"5e04df4\" data-element_type=\"widget\" data-widget_type=\"text-editor.default\">\n\t\t\t\t<div class=\"elementor-widget-container\">\n\t\t\t\t\t\t\t<p><i>Aloitti kamppailu- ja itsepuolustuslajien harjoittelun vuonna 1979. H\u00e4nell\u00e4 on korealaisen Sin Moo Hapkidon suurmestarin 9.dan arvo ja filippiinil\u00e4isen Kombatanin 5.dan mestarin arvo.<\/i><\/p>\n<p><i>Vainionp\u00e4\u00e4 valittiin 1998 vuoden Hapkido opettajaksi Euroopassa. Lis\u00e4ksi h\u00e4n sai London International Hall of Famess\u00e4 2011 excellence award \u2013palkinnon opetusty\u00f6st\u00e4\u00e4n.&nbsp;<\/i><\/p>\n<p><i>\u201dKosketuksen it\u00e4maiseen l\u00e4\u00e4ketieteeseen sain 1989 Voitto Harjulta, joka on yksi ensimm\u00e4isist\u00e4 suomalaisista akupunktiohoitajista.<\/i><\/p>\n<p><i>Ensimm\u00e4isen akupainallus- ja akupunktiokoulutuksen pidin v. 1996 Porissa. T\u00e4m\u00e4n j\u00e4lkeen olen kouluttanut itse\u00e4ni monissa eri koulutuksissa ymp\u00e4ri maailman.\u201d<\/i><\/p>\n<p><i>Tervetuloa mukaan mielenkiintoiseen Akupressuuri -maailmaan !<\/i><\/p>\t\t\t\t\t\t<\/div>\n\t\t\t\t<\/div>\n\t\t\t\t\t<\/div>\n\t\t<\/div>\n\t\t\t\t\t\t\t<\/div>\n\t\t<\/section>\n\t\t\t\t<section class=\"elementor-section elementor-top-section elementor-element elementor-element-3ba47cd elementor-section-stretched elementor-section-boxed elementor-section-height-default elementor-section-height-default\" data-id=\"3ba47cd\" data-element_type=\"section\" data-settings=\"{&quot;background_background&quot;:&quot;classic&quot;,&quot;stretch_section&quot;:&quot;section-stretched&quot;}\">\n\t\t\t\t\t\t\t<div class=\"elementor-background-overlay\"><\/div>\n\t\t\t\t\t\t\t<div class=\"elementor-container elementor-column-gap-default\">\n\t\t\t\t\t<div class=\"elementor-column elementor-col-50 elementor-top-column elementor-element elementor-element-1d6aef9\" data-id=\"1d6aef9\" data-element_type=\"column\">\n\t\t\t<div class=\"elementor-widget-wrap elementor-element-populated\">\n\t\t\t\t\t\t\t\t<div class=\"elementor-element elementor-element-6a6214e elementor-widget elementor-widget-heading\" data-id=\"6a6214e\" data-element_type=\"widget\" data-widget_type=\"heading.default\">\n\t\t\t\t<div class=\"elementor-widget-container\">\n\t\t\t<h3 class=\"elementor-heading-title elementor-size-default\">MIKSI ME OLEMME ERILAISIA?<\/h3>\t\t<\/div>\n\t\t\t\t<\/div>\n\t\t\t\t<div class=\"elementor-element elementor-element-5a86f5a elementor-widget elementor-widget-text-editor\" data-id=\"5a86f5a\" data-element_type=\"widget\" data-widget_type=\"text-editor.default\">\n\t\t\t\t<div class=\"elementor-widget-container\">\n\t\t\t\t\t\t\t<p><em>Akupressuuri konsepti on ainutlaatuinen, koska se yhdist\u00e4\u00e4 niin perinteist\u00e4 kiinalaista akupunktuuria kuin Hyol Do Bup hermopistekonseptin parantavia elementtej\u00e4. <\/em><\/p>\n<p><em>Konseptin kehitt\u00e4j\u00e4 Rami Vainionp\u00e4\u00e4ll\u00e4 on yli 30 vuoden kokemus it\u00e4maisesta l\u00e4\u00e4ketieteest\u00e4 ja erilaisista kamppailulajeista sek\u00e4 n\u00e4iden opettamisesta, niin Suomessa kuin maailmalla yli 500 seminaarin verran.<\/em><\/p>\n<p>Vainionp\u00e4\u00e4 tekee yhteisty\u00f6t\u00e4 kansainv\u00e4lisesti ymp\u00e4ri maailmaa saman alan opettajien ja mestareiden kanssa kehitt\u00e4en jatkuvasti omaa osaamistaan.<\/p>\n<p>Mik\u00e4li kiinnostuit koulutuksistamme, ota rohkeasti yhteytt\u00e4.&nbsp;<\/p>\n<p><em>Liity tiedotuslistalle l\u00e4het\u00e4m\u00e4ll\u00e4 nimesi ja s\u00e4hk\u00f6postisi osoitteeseen: info@akupainallus.fi<\/em><\/p>\t\t\t\t\t\t<\/div>\n\t\t\t\t<\/div>\n\t\t\t\t<div class=\"elementor-element elementor-element-7bf2068 elementor-mobile-align-justify elementor-align-center elementor-widget elementor-widget-button\" data-id=\"7bf2068\" data-element_type=\"widget\" data-widget_type=\"button.default\">\n\t\t\t\t<div class=\"elementor-widget-container\">\n\t\t\t\t\t<div class=\"elementor-button-wrapper\">\n\t\t\t<a class=\"elementor-button elementor-button-link elementor-size-md elementor-animation-grow\" href=\"http:\/\/www.akupainallus.fi\/?page_id=272\">\n\t\t\t\t\t\t<span class=\"elementor-button-content-wrapper\">\n\t\t\t\t\t\t<span class=\"elementor-button-text\">Akupressuurikoulutukset <\/span>\n\t\t<\/span>\n\t\t\t\t\t<\/a>\n\t\t<\/div>\n\t\t\t\t<\/div>\n\t\t\t\t<\/div>\n\t\t\t\t<div class=\"elementor-element elementor-element-7725ea3 elementor-mobile-align-justify elementor-align-center elementor-widget elementor-widget-button\" data-id=\"7725ea3\" data-element_type=\"widget\" data-widget_type=\"button.default\">\n\t\t\t\t<div class=\"elementor-widget-container\">\n\t\t\t\t\t<div class=\"elementor-button-wrapper\">\n\t\t\t<a class=\"elementor-button elementor-button-link elementor-size-md elementor-animation-grow\" href=\"http:\/\/www.knockout-group.fi\/itsepuolustuskoulutukset\/\" target=\"_blank\">\n\t\t\t\t\t\t<span class=\"elementor-button-content-wrapper\">\n\t\t\t\t\t\t<span class=\"elementor-button-text\">Itsepuolustuskoulutukset<\/span>\n\t\t<\/span>\n\t\t\t\t\t<\/a>\n\t\t<\/div>\n\t\t\t\t<\/div>\n\t\t\t\t<\/div>\n\t\t\t\t<div class=\"elementor-element elementor-element-eb68405 elementor-mobile-align-justify elementor-align-center elementor-widget elementor-widget-button\" data-id=\"eb68405\" data-element_type=\"widget\" data-widget_type=\"button.default\">\n\t\t\t\t<div class=\"elementor-widget-container\">\n\t\t\t\t\t<div class=\"elementor-button-wrapper\">\n\t\t\t<a class=\"elementor-button elementor-button-link elementor-size-md elementor-animation-grow\" href=\"https:\/\/holvi.com\/shop\/KnockOut-Group\/\" target=\"_blank\">\n\t\t\t\t\t\t<span class=\"elementor-button-content-wrapper\">\n\t\t\t\t\t\t<span class=\"elementor-button-text\">Verkkokauppa<\/span>\n\t\t<\/span>\n\t\t\t\t\t<\/a>\n\t\t<\/div>\n\t\t\t\t<\/div>\n\t\t\t\t<\/div>\n\t\t\t\t\t<\/div>\n\t\t<\/div>\n\t\t\t\t<div class=\"elementor-column elementor-col-50 elementor-top-column elementor-element elementor-element-0666b8c\" data-id=\"0666b8c\" data-element_type=\"column\">\n\t\t\t<div class=\"elementor-widget-wrap elementor-element-populated\">\n\t\t\t\t\t\t\t\t<div class=\"elementor-element elementor-element-8c20997 elementor-widget elementor-widget-image\" data-id=\"8c20997\" data-element_type=\"widget\" data-widget_type=\"image.default\">\n\t\t\t\t<div class=\"elementor-widget-container\">\n\t\t\t\t\t\t\t\t\t\t\t\t\t\t\t<img decoding=\"async\" width=\"300\" height=\"300\" src=\"http:\/\/www.akupainallus.fi\/wp-content\/uploads\/2020\/03\/1024px-Yin_yang_svg-300x300.png\" class=\"attachment-medium size-medium wp-image-45\" alt=\"\" srcset=\"http:\/\/www.akupainallus.fi\/wp-content\/uploads\/2020\/03\/1024px-Yin_yang_svg-300x300.png 300w, http:\/\/www.akupainallus.fi\/wp-content\/uploads\/2020\/03\/1024px-Yin_yang_svg.png 1024w, http:\/\/www.akupainallus.fi\/wp-content\/uploads\/2020\/03\/1024px-Yin_yang_svg-150x150.png 150w, http:\/\/www.akupainallus.fi\/wp-content\/uploads\/2020\/03\/1024px-Yin_yang_svg-768x768.png 768w\" sizes=\"100vw\" \/>\t\t\t\t\t\t\t\t\t\t\t\t\t\t\t<\/div>\n\t\t\t\t<\/div>\n\t\t\t\t\t<\/div>\n\t\t<\/div>\n\t\t\t\t\t\t\t<\/div>\n\t\t<\/section>\n\t\t\t\t\t\t\t<\/div>\n\t\t","protected":false},"excerpt":{"rendered":"<p>Grandmaster Rami Vainionp\u00e4\u00e49. dan Korean Sin Moo Hapkido5. dan Philippines KombatanHyol Do Bup consept developerFounder of Akupressuuri &#8211; Acupressure and meridian therapy education KONSEPTIN KEHITT\u00c4J\u00c4 Aloitti kamppailu- ja itsepuolustuslajien harjoittelun vuonna 1979. H\u00e4nell\u00e4 on korealaisen Sin Moo Hapkidon suurmestarin 9.dan arvo ja filippiinil\u00e4isen Kombatanin 5.dan mestarin arvo. Vainionp\u00e4\u00e4 valittiin 1998 vuoden Hapkido opettajaksi Euroopassa. Lis\u00e4ksi &hellip; <\/p>\n<p class=\"link-more\"><a href=\"http:\/\/www.akupainallus.fi\/?page_id=28\" class=\"more-link\">Jatka lukemista<span class=\"screen-reader-text\"> &#8221;Kouluttaja&#8221;<\/span><\/a><\/p>\n","protected":false},"author":1,"featured_media":0,"parent":0,"menu_order":0,"comment_status":"closed","ping_status":"closed","template":"elementor_header_footer","meta":{"_mi_skip_tracking":false,"_monsterinsights_sitenote_active":false,"_monsterinsights_sitenote_note":"","_monsterinsights_sitenote_category":0,"_themeisle_gutenberg_block_has_review":false,"footnotes":""},"class_list":["post-28","page","type-page","status-publish","hentry"],"_links":{"self":[{"href":"http:\/\/www.akupainallus.fi\/index.php?rest_route=\/wp\/v2\/pages\/28","targetHints":{"allow":["GET"]}}],"collection":[{"href":"http:\/\/www.akupainallus.fi\/index.php?rest_route=\/wp\/v2\/pages"}],"about":[{"href":"http:\/\/www.akupainallus.fi\/index.php?rest_route=\/wp\/v2\/types\/page"}],"author":[{"embeddable":true,"href":"http:\/\/www.akupainallus.fi\/index.php?rest_route=\/wp\/v2\/users\/1"}],"replies":[{"embeddable":true,"href":"http:\/\/www.akupainallus.fi\/index.php?rest_route=%2Fwp%2Fv2%2Fcomments&post=28"}],"version-history":[{"count":58,"href":"http:\/\/www.akupainallus.fi\/index.php?rest_route=\/wp\/v2\/pages\/28\/revisions"}],"predecessor-version":[{"id":897,"href":"http:\/\/www.akupainallus.fi\/index.php?rest_route=\/wp\/v2\/pages\/28\/revisions\/897"}],"wp:attachment":[{"href":"http:\/\/www.akupainallus.fi\/index.php?rest_route=%2Fwp%2Fv2%2Fmedia&parent=28"}],"curies":[{"name":"wp","href":"https:\/\/api.w.org\/{rel}","templated":true}]}}